{"id":1569,"date":"2026-03-20T12:28:11","date_gmt":"2026-03-20T11:28:11","guid":{"rendered":"https:\/\/toribiopsicologia.com\/?page_id=1569"},"modified":"2026-03-20T13:48:27","modified_gmt":"2026-03-20T12:48:27","slug":"psicologia-relacional-y-rrhh","status":"publish","type":"page","link":"https:\/\/toribiopsicologia.com\/index.php\/psicologia-relacional-y-rrhh\/","title":{"rendered":"Psicolog\u00eda Relacional y RRHH"},"content":{"rendered":"\t\t<div data-elementor-type=\"wp-page\" data-elementor-id=\"1569\" class=\"elementor elementor-1569\" data-elementor-post-type=\"page\">\n\t\t\t\t\t\t<section class=\"elementor-section elementor-top-section elementor-element elementor-element-357ea84 elementor-section-content-middle elementor-section-boxed elementor-section-height-default elementor-section-height-default\" data-id=\"357ea84\" data-element_type=\"section\" data-e-type=\"section\" data-settings=\"{&quot;background_background&quot;:&quot;classic&quot;}\">\n\t\t\t\t\t\t\t<div class=\"elementor-background-overlay\"><\/div>\n\t\t\t\t\t\t\t<div class=\"elementor-container elementor-column-gap-no\">\n\t\t\t\t\t<div class=\"elementor-column elementor-col-100 elementor-top-column elementor-element elementor-element-0e3b617\" data-id=\"0e3b617\" data-element_type=\"column\" data-e-type=\"column\">\n\t\t\t<div class=\"elementor-widget-wrap elementor-element-populated\">\n\t\t\t\t\t\t<div class=\"elementor-element elementor-element-c55f07e elementor-widget-tablet__width-initial elementor-widget elementor-widget-heading\" data-id=\"c55f07e\" data-element_type=\"widget\" data-e-type=\"widget\" data-widget_type=\"heading.default\">\n\t\t\t\t<div class=\"elementor-widget-container\">\n\t\t\t\t\t<h1 class=\"elementor-heading-title elementor-size-xl\">psicolog\u00eda Organizacional y RRHH<\/h1>\t\t\t\t<\/div>\n\t\t\t\t<\/div>\n\t\t\t\t\t<\/div>\n\t\t<\/div>\n\t\t\t\t\t<\/div>\n\t\t<\/section>\n\t\t\t\t<section class=\"elementor-section elementor-top-section elementor-element elementor-element-9cb19a8 elementor-section-boxed elementor-section-height-default elementor-section-height-default\" data-id=\"9cb19a8\" data-element_type=\"section\" data-e-type=\"section\" data-settings=\"{&quot;background_background&quot;:&quot;classic&quot;}\">\n\t\t\t\t\t\t<div class=\"elementor-container elementor-column-gap-default\">\n\t\t\t\t\t<div class=\"elementor-column elementor-col-100 elementor-top-column elementor-element elementor-element-f0479b9\" data-id=\"f0479b9\" data-element_type=\"column\" data-e-type=\"column\">\n\t\t\t<div class=\"elementor-widget-wrap\">\n\t\t\t\t\t\t\t<\/div>\n\t\t<\/div>\n\t\t\t\t\t<\/div>\n\t\t<\/section>\n\t\t<div class=\"elementor-element elementor-element-a1cc3d1 e-flex e-con-boxed e-con e-parent\" data-id=\"a1cc3d1\" data-element_type=\"container\" data-e-type=\"container\" data-settings=\"{&quot;background_background&quot;:&quot;classic&quot;}\">\n\t\t\t\t\t<div class=\"e-con-inner\">\n\t\t<div class=\"elementor-element elementor-element-864a5a5 e-con-full e-flex e-con e-child\" data-id=\"864a5a5\" data-element_type=\"container\" data-e-type=\"container\" data-settings=\"{&quot;background_background&quot;:&quot;classic&quot;}\">\n\t\t\t\t<div class=\"elementor-element elementor-element-7abf66d elementor-widget elementor-widget-image\" data-id=\"7abf66d\" data-element_type=\"widget\" data-e-type=\"widget\" data-widget_type=\"image.default\">\n\t\t\t\t<div class=\"elementor-widget-container\">\n\t\t\t\t\t\t\t\t\t\t\t\t\t\t\t<img fetchpriority=\"high\" decoding=\"async\" width=\"1743\" height=\"2560\" src=\"https:\/\/toribiopsicologia.com\/wp-content\/uploads\/2026\/03\/allgo-an-app-for-plus-size-people-1GEsAeUv5dU-unsplash-scaled.jpg\" class=\"attachment-full size-full wp-image-1602\" alt=\"\" srcset=\"https:\/\/toribiopsicologia.com\/wp-content\/uploads\/2026\/03\/allgo-an-app-for-plus-size-people-1GEsAeUv5dU-unsplash-scaled.jpg 1743w, https:\/\/toribiopsicologia.com\/wp-content\/uploads\/2026\/03\/allgo-an-app-for-plus-size-people-1GEsAeUv5dU-unsplash-204x300.jpg 204w, https:\/\/toribiopsicologia.com\/wp-content\/uploads\/2026\/03\/allgo-an-app-for-plus-size-people-1GEsAeUv5dU-unsplash-697x1024.jpg 697w, https:\/\/toribiopsicologia.com\/wp-content\/uploads\/2026\/03\/allgo-an-app-for-plus-size-people-1GEsAeUv5dU-unsplash-768x1128.jpg 768w, https:\/\/toribiopsicologia.com\/wp-content\/uploads\/2026\/03\/allgo-an-app-for-plus-size-people-1GEsAeUv5dU-unsplash-1046x1536.jpg 1046w, https:\/\/toribiopsicologia.com\/wp-content\/uploads\/2026\/03\/allgo-an-app-for-plus-size-people-1GEsAeUv5dU-unsplash-1394x2048.jpg 1394w\" sizes=\"(max-width: 1743px) 100vw, 1743px\" \/>\t\t\t\t\t\t\t\t\t\t\t\t\t\t\t<\/div>\n\t\t\t\t<\/div>\n\t\t\t\t<\/div>\n\t\t<div class=\"elementor-element elementor-element-18c85dc e-con-full e-flex e-con e-child\" data-id=\"18c85dc\" data-element_type=\"container\" data-e-type=\"container\">\n\t\t\t\t<div class=\"elementor-element elementor-element-c71b6f1 elementor-widget elementor-widget-heading\" data-id=\"c71b6f1\" data-element_type=\"widget\" data-e-type=\"widget\" data-widget_type=\"heading.default\">\n\t\t\t\t<div class=\"elementor-widget-container\">\n\t\t\t\t\t<h3 class=\"elementor-heading-title elementor-size-default\">01<\/h3>\t\t\t\t<\/div>\n\t\t\t\t<\/div>\n\t\t\t\t<div class=\"elementor-element elementor-element-278c34e elementor-widget-tablet__width-initial elementor-widget elementor-widget-text-editor\" data-id=\"278c34e\" data-element_type=\"widget\" data-e-type=\"widget\" data-widget_type=\"text-editor.default\">\n\t\t\t\t<div class=\"elementor-widget-container\">\n\t\t\t\t\t\t\t\t\t<p><strong>Recursos Humanos y Prevenci\u00f3n de Riesgos Laborales:<\/strong> La gesti\u00f3n de personas y la seguridad en el trabajo son pilares que sostienen no solo la productividad, sino el equilibrio vital de quienes integran una organizaci\u00f3n. Mi servicio de asesor\u00eda laboral une la visi\u00f3n estrat\u00e9gica de la Direcci\u00f3n de Recursos Humanos con el rigor t\u00e9cnico de la Prevenci\u00f3n de Riesgos Laborales. Este enfoque permite abordar el bienestar desde una perspectiva integral, donde el dise\u00f1o de puestos, la gesti\u00f3n del talento y la seguridad f\u00edsica convergen para crear entornos saludables. Al intervenir en la estructura organizativa, buscamos mitigar el impacto del estr\u00e9s y prevenir el desgaste profesional, asegurando que el entorno de trabajo sea un motor de desarrollo y no una fuente de malestar.<br \/>Desde la especializaci\u00f3n en Psicosociolog\u00eda de la Salud, pongo el foco en los riesgos invisibles pero determinantes, como la carga mental o el clima organizacional. El objetivo es asesorar a las empresas en la creaci\u00f3n de una cultura de cuidado que trascienda el cumplimiento normativo, transformando la prevenci\u00f3n en una herramienta de bienestar real. A trav\u00e9s de este acompa\u00f1amiento, las organizaciones aprenden a identificar y gestionar los factores psicosociales que afectan a su equipo, promoviendo liderazgos saludables y din\u00e1micas de trabajo que respeten la integridad psicol\u00f3gica de todas las personas, fundamentando cada intervenci\u00f3n en la evidencia cient\u00edfica y la salud ocupacional.<\/p>\t\t\t\t\t\t\t\t<\/div>\n\t\t\t\t<\/div>\n\t\t\t\t<\/div>\n\t\t\t\t\t<\/div>\n\t\t\t\t<\/div>\n\t\t<div class=\"elementor-element elementor-element-77980d1 e-flex e-con-boxed e-con e-parent\" data-id=\"77980d1\" data-element_type=\"container\" data-e-type=\"container\">\n\t\t\t\t\t<div class=\"e-con-inner\">\n\t\t\t\t<div class=\"elementor-element elementor-element-5513f00 elementor-hidden-tablet elementor-hidden-mobile elementor-widget elementor-widget-spacer\" data-id=\"5513f00\" data-element_type=\"widget\" data-e-type=\"widget\" data-widget_type=\"spacer.default\">\n\t\t\t\t<div class=\"elementor-widget-container\">\n\t\t\t\t\t\t\t<div class=\"elementor-spacer\">\n\t\t\t<div class=\"elementor-spacer-inner\"><\/div>\n\t\t<\/div>\n\t\t\t\t\t\t<\/div>\n\t\t\t\t<\/div>\n\t\t\t\t\t<\/div>\n\t\t\t\t<\/div>\n\t\t<div class=\"elementor-element elementor-element-a278732 e-flex e-con-boxed e-con e-parent\" data-id=\"a278732\" data-element_type=\"container\" data-e-type=\"container\" data-settings=\"{&quot;background_background&quot;:&quot;classic&quot;}\">\n\t\t\t\t\t<div class=\"e-con-inner\">\n\t\t<div class=\"elementor-element elementor-element-686ec44 e-con-full e-flex e-con e-child\" data-id=\"686ec44\" data-element_type=\"container\" data-e-type=\"container\">\n\t\t\t\t<div class=\"elementor-element elementor-element-b10cb20 elementor-widget elementor-widget-heading\" data-id=\"b10cb20\" data-element_type=\"widget\" data-e-type=\"widget\" data-widget_type=\"heading.default\">\n\t\t\t\t<div class=\"elementor-widget-container\">\n\t\t\t\t\t<h3 class=\"elementor-heading-title elementor-size-default\">02<\/h3>\t\t\t\t<\/div>\n\t\t\t\t<\/div>\n\t\t\t\t<div class=\"elementor-element elementor-element-11f1aac elementor-widget-tablet__width-initial elementor-widget elementor-widget-text-editor\" data-id=\"11f1aac\" data-element_type=\"widget\" data-e-type=\"widget\" data-widget_type=\"text-editor.default\">\n\t\t\t\t<div class=\"elementor-widget-container\">\n\t\t\t\t\t\t\t\t\t<p><strong><span style=\"font-size: 1rem;\">Igualdad de Oportunidades y Protocolos de Equidad<\/span>:<\/strong> La igualdad de oportunidades es un derecho fundamental y una pieza clave para la salud social de cualquier entidad. Como experta en este \u00e1mbito, ofrezco servicios de consultor\u00eda para la elaboraci\u00f3n de diagn\u00f3sticos de igualdad y la implementaci\u00f3n de planes estrat\u00e9gicos que garanticen la equidad de g\u00e9nero en el seno de la empresa. Este trabajo t\u00e9cnico permite identificar brechas salariales, sesgos en la promoci\u00f3n y barreras invisibles, proponiendo soluciones que fomenten la corresponsabilidad y la conciliaci\u00f3n. La implementaci\u00f3n de estos protocolos no solo responde a una obligaci\u00f3n legal, sino que fortalece el compromiso \u00e9tico de la organizaci\u00f3n y mejora significativamente la convivencia y el sentido de pertenencia.<br \/>Complementariamente, el asesoramiento incluye el dise\u00f1o y la activaci\u00f3n de protocolos de prevenci\u00f3n contra el acoso sexual y por raz\u00f3n de sexo, proporcionando un marco de actuaci\u00f3n seguro y profesional ante posibles situaciones de conflicto. Mi labor consiste en dotar a la organizaci\u00f3n de las herramientas necesarias para detectar y erradicar cualquier forma de discriminaci\u00f3n, promoviendo una mirada cr\u00edtica y constructiva sobre la diversidad. Este servicio se traduce en un entorno laboral m\u00e1s justo, donde el talento se valora sin sesgos y donde se garantiza el respeto a la dignidad de todas las personas, consolidando una estructura organizacional moderna, inclusiva y saludable.<\/p>\t\t\t\t\t\t\t\t<\/div>\n\t\t\t\t<\/div>\n\t\t\t\t<\/div>\n\t\t<div class=\"elementor-element elementor-element-b8d99c5 e-con-full e-flex e-con e-child\" data-id=\"b8d99c5\" data-element_type=\"container\" data-e-type=\"container\" data-settings=\"{&quot;background_background&quot;:&quot;classic&quot;}\">\n\t\t\t\t<div class=\"elementor-element elementor-element-f4af39a elementor-widget elementor-widget-image\" data-id=\"f4af39a\" data-element_type=\"widget\" data-e-type=\"widget\" data-widget_type=\"image.default\">\n\t\t\t\t<div class=\"elementor-widget-container\">\n\t\t\t\t\t\t\t\t\t\t\t\t\t\t\t<img decoding=\"async\" width=\"1708\" height=\"2560\" src=\"https:\/\/toribiopsicologia.com\/wp-content\/uploads\/2026\/03\/surface-71gN-JBDWQo-unsplash-scaled.jpg\" class=\"attachment-full size-full wp-image-1606\" alt=\"\" srcset=\"https:\/\/toribiopsicologia.com\/wp-content\/uploads\/2026\/03\/surface-71gN-JBDWQo-unsplash-scaled.jpg 1708w, https:\/\/toribiopsicologia.com\/wp-content\/uploads\/2026\/03\/surface-71gN-JBDWQo-unsplash-200x300.jpg 200w, https:\/\/toribiopsicologia.com\/wp-content\/uploads\/2026\/03\/surface-71gN-JBDWQo-unsplash-683x1024.jpg 683w, https:\/\/toribiopsicologia.com\/wp-content\/uploads\/2026\/03\/surface-71gN-JBDWQo-unsplash-768x1151.jpg 768w, https:\/\/toribiopsicologia.com\/wp-content\/uploads\/2026\/03\/surface-71gN-JBDWQo-unsplash-1025x1536.jpg 1025w, https:\/\/toribiopsicologia.com\/wp-content\/uploads\/2026\/03\/surface-71gN-JBDWQo-unsplash-1367x2048.jpg 1367w\" sizes=\"(max-width: 1708px) 100vw, 1708px\" \/>\t\t\t\t\t\t\t\t\t\t\t\t\t\t\t<\/div>\n\t\t\t\t<\/div>\n\t\t\t\t<\/div>\n\t\t\t\t\t<\/div>\n\t\t\t\t<\/div>\n\t\t\t\t<section class=\"elementor-section elementor-top-section elementor-element elementor-element-1d9beac elementor-section-content-middle elementor-section-boxed elementor-section-height-default elementor-section-height-default\" data-id=\"1d9beac\" data-element_type=\"section\" data-e-type=\"section\" data-settings=\"{&quot;background_background&quot;:&quot;classic&quot;}\">\n\t\t\t\t\t\t\t<div class=\"elementor-background-overlay\"><\/div>\n\t\t\t\t\t\t\t<div class=\"elementor-container elementor-column-gap-no\">\n\t\t\t\t\t<div class=\"elementor-column elementor-col-100 elementor-top-column elementor-element elementor-element-f8b7ca1\" data-id=\"f8b7ca1\" data-element_type=\"column\" data-e-type=\"column\">\n\t\t\t<div class=\"elementor-widget-wrap elementor-element-populated\">\n\t\t\t\t\t\t<div class=\"elementor-element elementor-element-fdefddb elementor-widget elementor-widget-heading\" data-id=\"fdefddb\" data-element_type=\"widget\" data-e-type=\"widget\" data-widget_type=\"heading.default\">\n\t\t\t\t<div class=\"elementor-widget-container\">\n\t\t\t\t\t<h3 class=\"elementor-heading-title elementor-size-medium\">\u00bfnecesitas ayuda?<\/h3>\t\t\t\t<\/div>\n\t\t\t\t<\/div>\n\t\t\t\t<div class=\"elementor-element elementor-element-522e291 elementor-widget elementor-widget-heading\" data-id=\"522e291\" data-element_type=\"widget\" data-e-type=\"widget\" data-widget_type=\"heading.default\">\n\t\t\t\t<div class=\"elementor-widget-container\">\n\t\t\t\t\t<h3 class=\"elementor-heading-title elementor-size-xl\">Contacta conmigo<\/h3>\t\t\t\t<\/div>\n\t\t\t\t<\/div>\n\t\t\t\t<div class=\"elementor-element elementor-element-dae020f elementor-align-center elementor-mobile-align-center elementor-widget elementor-widget-button\" data-id=\"dae020f\" data-element_type=\"widget\" data-e-type=\"widget\" data-widget_type=\"button.default\">\n\t\t\t\t<div class=\"elementor-widget-container\">\n\t\t\t\t\t\t\t\t\t<div class=\"elementor-button-wrapper\">\n\t\t\t\t\t<a class=\"elementor-button elementor-button-link elementor-size-md\" href=\"https:\/\/toribiopsicologia.com\/index.php\/contact\/\">\n\t\t\t\t\t\t<span class=\"elementor-button-content-wrapper\">\n\t\t\t\t\t\t\t\t\t<span class=\"elementor-button-text\">\u00a1Claro que si!<\/span>\n\t\t\t\t\t<\/span>\n\t\t\t\t\t<\/a>\n\t\t\t\t<\/div>\n\t\t\t\t\t\t\t\t<\/div>\n\t\t\t\t<\/div>\n\t\t\t\t\t<\/div>\n\t\t<\/div>\n\t\t\t\t\t<\/div>\n\t\t<\/section>\n\t\t<div class=\"elementor-element elementor-element-8e05cd4 e-flex e-con-boxed e-con e-parent\" data-id=\"8e05cd4\" data-element_type=\"container\" data-e-type=\"container\">\n\t\t\t\t\t<div class=\"e-con-inner\">\n\t\t\t\t\t<\/div>\n\t\t\t\t<\/div>\n\t\t\t\t<\/div>\n\t\t","protected":false},"excerpt":{"rendered":"<p>psicolog\u00eda Organizacional y RRHH 01 Recursos Humanos y Prevenci\u00f3n de Riesgos Laborales: La gesti\u00f3n de personas y la seguridad en el trabajo son pilares que sostienen no solo la productividad, sino el equilibrio vital de quienes integran una organizaci\u00f3n. Mi servicio de asesor\u00eda laboral une la visi\u00f3n estrat\u00e9gica de la Direcci\u00f3n de Recursos Humanos con [&hellip;]<\/p>\n","protected":false},"author":1,"featured_media":0,"parent":0,"menu_order":0,"comment_status":"closed","ping_status":"closed","template":"","meta":{"site-sidebar-layout":"no-sidebar","site-content-layout":"page-builder","ast-site-content-layout":"full-width-container","site-content-style":"default","site-sidebar-style":"default","ast-global-header-display":"","ast-banner-title-visibility":"","ast-main-header-display":"","ast-hfb-above-header-display":"","ast-hfb-below-header-display":"","ast-hfb-mobile-header-display":"","site-post-title":"disabled","ast-breadcrumbs-content":"","ast-featured-img":"disabled","footer-sml-layout":"","ast-disable-related-posts":"","theme-transparent-header-meta":"","adv-header-id-meta":"","stick-header-meta":"","header-above-stick-meta":"","header-main-stick-meta":"","header-below-stick-meta":"","astra-migrate-meta-layouts":"set","ast-page-background-enabled":"default","ast-page-background-meta":{"desktop":{"background-color":"","background-image":"","background-repeat":"repeat","background-position":"center center","background-size":"auto","background-attachment":"scroll","background-type":"","background-media":"","overlay-type":"","overlay-color":"","overlay-opacity":"","overlay-gradient":""},"tablet":{"background-color":"","background-image":"","background-repeat":"repeat","background-position":"center center","background-size":"auto","background-attachment":"scroll","background-type":"","background-media":"","overlay-type":"","overlay-color":"","overlay-opacity":"","overlay-gradient":""},"mobile":{"background-color":"","background-image":"","background-repeat":"repeat","background-position":"center center","background-size":"auto","background-attachment":"scroll","background-type":"","background-media":"","overlay-type":"","overlay-color":"","overlay-opacity":"","overlay-gradient":""}},"ast-content-background-meta":{"desktop":{"background-color":"var(--ast-global-color-5)","background-image":"","background-repeat":"repeat","background-position":"center center","background-size":"auto","background-attachment":"scroll","background-type":"","background-media":"","overlay-type":"","overlay-color":"","overlay-opacity":"","overlay-gradient":""},"tablet":{"background-color":"var(--ast-global-color-5)","background-image":"","background-repeat":"repeat","background-position":"center center","background-size":"auto","background-attachment":"scroll","background-type":"","background-media":"","overlay-type":"","overlay-color":"","overlay-opacity":"","overlay-gradient":""},"mobile":{"background-color":"var(--ast-global-color-5)","background-image":"","background-repeat":"repeat","background-position":"center center","background-size":"auto","background-attachment":"scroll","background-type":"","background-media":"","overlay-type":"","overlay-color":"","overlay-opacity":"","overlay-gradient":""}},"footnotes":""},"class_list":["post-1569","page","type-page","status-publish","hentry"],"_links":{"self":[{"href":"https:\/\/toribiopsicologia.com\/index.php\/wp-json\/wp\/v2\/pages\/1569","targetHints":{"allow":["GET"]}}],"collection":[{"href":"https:\/\/toribiopsicologia.com\/index.php\/wp-json\/wp\/v2\/pages"}],"about":[{"href":"https:\/\/toribiopsicologia.com\/index.php\/wp-json\/wp\/v2\/types\/page"}],"author":[{"embeddable":true,"href":"https:\/\/toribiopsicologia.com\/index.php\/wp-json\/wp\/v2\/users\/1"}],"replies":[{"embeddable":true,"href":"https:\/\/toribiopsicologia.com\/index.php\/wp-json\/wp\/v2\/comments?post=1569"}],"version-history":[{"count":35,"href":"https:\/\/toribiopsicologia.com\/index.php\/wp-json\/wp\/v2\/pages\/1569\/revisions"}],"predecessor-version":[{"id":1635,"href":"https:\/\/toribiopsicologia.com\/index.php\/wp-json\/wp\/v2\/pages\/1569\/revisions\/1635"}],"wp:attachment":[{"href":"https:\/\/toribiopsicologia.com\/index.php\/wp-json\/wp\/v2\/media?parent=1569"}],"curies":[{"name":"wp","href":"https:\/\/api.w.org\/{rel}","templated":true}]}}